{"id":882,"date":"2022-09-13T16:04:22","date_gmt":"2022-09-13T14:04:22","guid":{"rendered":"https:\/\/www.ortho-olischar.at\/c-bogen\/"},"modified":"2022-09-13T16:11:26","modified_gmt":"2022-09-13T14:11:26","slug":"c-bogen","status":"publish","type":"page","link":"https:\/\/www.ortho-olischar.at\/en\/c-bogen\/","title":{"rendered":"C-Arm technology"},"content":{"rendered":"\n<style type=\"text\/css\" data-created_by=\"avia_inline_auto\" id=\"style-css-av-kpcu3d1u-84f315ba30c5edd0c9236b5b6caceef9\">\n#top .av-special-heading.av-kpcu3d1u-84f315ba30c5edd0c9236b5b6caceef9{\npadding-bottom:10px;\ncolor:#3a81a0;\n}\nbody .av-special-heading.av-kpcu3d1u-84f315ba30c5edd0c9236b5b6caceef9 .av-special-heading-tag .heading-char{\nfont-size:25px;\n}\n.av-special-heading.av-kpcu3d1u-84f315ba30c5edd0c9236b5b6caceef9 .special-heading-inner-border{\nborder-color:#3a81a0;\n}\n.av-special-heading.av-kpcu3d1u-84f315ba30c5edd0c9236b5b6caceef9 .av-subheading{\nfont-size:15px;\n}\n<\/style>\n<div  class='av-special-heading av-kpcu3d1u-84f315ba30c5edd0c9236b5b6caceef9 av-special-heading-h3 custom-color-heading blockquote modern-quote modern-centered  avia-builder-el-0  el_before_av_hr  avia-builder-el-first '><h3 class='av-special-heading-tag'  itemprop=\"headline\"  >Gezielte Schmerztherapie bei hohem Behandlungskomfort<\/h3><div class=\"special-heading-border\"><div class=\"special-heading-inner-border\"><\/div><\/div><\/div>\n<div  class='hr av-22p4h-86be93d0cfed1cdaee61374e12c8eca6 hr-default  avia-builder-el-1  el_after_av_heading  el_before_av_textblock '><span class='hr-inner '><span class=\"hr-inner-style\"><\/span><\/span><\/div>\n<section  class='av_textblock_section av-kpcu3m3b-c2c68c2d20bda35f7af0da48dd41d407'  itemscope=\"itemscope\" itemtype=\"https:\/\/schema.org\/CreativeWork\" ><div class='avia_textblock'  itemprop=\"text\" ><p>Als einer der wenigen Orthop\u00e4den in Wien hat sich Dr. Olischar auf die moderne C-Bogen-Technologie spezialisiert. Es handelt sich dabei um ein hochentwickeltes R\u00f6ntgenger\u00e4t, das genaue Untersuchungen, verbesserte Diagnosen und vor allem gezielte <u>Schmerzbehandlung<\/u> erm\u00f6glicht. Der C-Bogen kommt daher auch bei <u>Infiltrationen<\/u> zum Einsatz. Durch die R\u00f6ntgenkontrolle kann das Medikament n\u00e4mlich genau dort platziert werden, wo es seine Wirkung entfalten soll: bei der Ursache des Schmerzes.<\/p>\n<\/div><\/section>\n<div  class='hr av-9qf1t-d111e5f20f6248a170c5c0c326c3992c hr-default  avia-builder-el-3  el_after_av_textblock  el_before_av_hr '><span class='hr-inner '><span class=\"hr-inner-style\"><\/span><\/span><\/div>\n\n<style type=\"text\/css\" data-created_by=\"avia_inline_auto\" id=\"style-css-av-gaf6x-60502e8700109ea8640170b1c7214e9b\">\n#top .hr.hr-invisible.av-gaf6x-60502e8700109ea8640170b1c7214e9b{\nheight:25px;\n}\n<\/style>\n<div  class='hr av-gaf6x-60502e8700109ea8640170b1c7214e9b hr-invisible  avia-builder-el-4  el_after_av_hr  el_before_av_heading '><span class='hr-inner '><span class=\"hr-inner-style\"><\/span><\/span><\/div>\n\n<style type=\"text\/css\" data-created_by=\"avia_inline_auto\" id=\"style-css-av-kpcu4agm-59f8306b830ca822fc74e106875da5b5\">\n#top .av-special-heading.av-kpcu4agm-59f8306b830ca822fc74e106875da5b5{\npadding-bottom:10px;\ncolor:#3a81a0;\n}\nbody .av-special-heading.av-kpcu4agm-59f8306b830ca822fc74e106875da5b5 .av-special-heading-tag .heading-char{\nfont-size:25px;\n}\n.av-special-heading.av-kpcu4agm-59f8306b830ca822fc74e106875da5b5 .special-heading-inner-border{\nborder-color:#3a81a0;\n}\n.av-special-heading.av-kpcu4agm-59f8306b830ca822fc74e106875da5b5 .av-subheading{\nfont-size:15px;\n}\n<\/style>\n<div  class='av-special-heading av-kpcu4agm-59f8306b830ca822fc74e106875da5b5 av-special-heading-h3 custom-color-heading blockquote modern-quote modern-centered  avia-builder-el-5  el_after_av_hr  el_before_av_hr '><h3 class='av-special-heading-tag'  itemprop=\"headline\"  >Kein Positionswechsel, weniger Strahlenbelastung<\/h3><div class=\"special-heading-border\"><div class=\"special-heading-inner-border\"><\/div><\/div><\/div>\n<div  class='hr av-7umgp-e295811b1e5228fbb05552cf66e32f5b hr-default  avia-builder-el-6  el_after_av_heading  el_before_av_textblock '><span class='hr-inner '><span class=\"hr-inner-style\"><\/span><\/span><\/div>\n<section  class='av_textblock_section av-kpcu4hhw-b88aae8c43f1f9b32ce71fbc10f32bc6'  itemscope=\"itemscope\" itemtype=\"https:\/\/schema.org\/CreativeWork\" ><div class='avia_textblock'  itemprop=\"text\" ><p>Der C-Bogen liefert \u00e4hnliche Bildergebnisse wie die Computertomografie, bietet aber den Vorteil von weitaus geringerer Strahlenbelastung. Durch das flexibel einsetzbare Ger\u00e4t er\u00fcbrigt sich f\u00fcr Sie ein Positionswechsel w\u00e4hrend des R\u00f6ntgens und sichert Ihnen somit hohen Behandlungskomfort.<\/p>\n<\/div><\/section>\n<div  class='hr av-asod5-ccb990ae2f23d88ac42439a79a6e35ab hr-default  avia-builder-el-8  el_after_av_textblock  avia-builder-el-last '><span class='hr-inner '><span class=\"hr-inner-style\"><\/span><\/span><\/div>\n","protected":false},"excerpt":{"rendered":"","protected":false},"author":6,"featured_media":0,"parent":0,"menu_order":0,"comment_status":"closed","ping_status":"closed","template":"","meta":{"footnotes":""},"class_list":["post-882","page","type-page","status-publish","hentry"],"_links":{"self":[{"href":"https:\/\/www.ortho-olischar.at\/en\/wp-json\/wp\/v2\/pages\/882","targetHints":{"allow":["GET"]}}],"collection":[{"href":"https:\/\/www.ortho-olischar.at\/en\/wp-json\/wp\/v2\/pages"}],"about":[{"href":"https:\/\/www.ortho-olischar.at\/en\/wp-json\/wp\/v2\/types\/page"}],"author":[{"embeddable":true,"href":"https:\/\/www.ortho-olischar.at\/en\/wp-json\/wp\/v2\/users\/6"}],"replies":[{"embeddable":true,"href":"https:\/\/www.ortho-olischar.at\/en\/wp-json\/wp\/v2\/comments?post=882"}],"version-history":[{"count":4,"href":"https:\/\/www.ortho-olischar.at\/en\/wp-json\/wp\/v2\/pages\/882\/revisions"}],"predecessor-version":[{"id":2959,"href":"https:\/\/www.ortho-olischar.at\/en\/wp-json\/wp\/v2\/pages\/882\/revisions\/2959"}],"wp:attachment":[{"href":"https:\/\/www.ortho-olischar.at\/en\/wp-json\/wp\/v2\/media?parent=882"}],"curies":[{"name":"wp","href":"https:\/\/api.w.org\/{rel}","templated":true}]}}